{"id":399,"date":"2020-09-18T04:33:16","date_gmt":"2020-09-18T04:33:16","guid":{"rendered":"http:\/\/www.flowfish.de\/?page_id=399"},"modified":"2020-09-20T12:07:42","modified_gmt":"2020-09-20T12:07:42","slug":"catalogue","status":"publish","type":"page","link":"http:\/\/www.flowfish.de\/?page_id=399&lang=de","title":{"rendered":"Catalogue &#8211; Deutsch"},"content":{"rendered":"\t\t<div data-elementor-type=\"wp-page\" data-elementor-id=\"399\" class=\"elementor elementor-399\">\n\t\t\t\t\t\t<section class=\"elementor-section elementor-top-section elementor-element elementor-element-b5065ed elementor-section-boxed elementor-section-height-default elementor-section-height-default\" data-id=\"b5065ed\" data-element_type=\"section\">\n\t\t\t\t\t\t<div class=\"elementor-container elementor-column-gap-default\">\n\t\t\t\t\t<div class=\"elementor-column elementor-col-100 elementor-top-column elementor-element elementor-element-8a729d4\" data-id=\"8a729d4\" data-element_type=\"column\">\n\t\t\t<div class=\"elementor-widget-wrap elementor-element-populated\">\n\t\t\t\t\t\t<div class=\"elementor-element elementor-element-22acb4b elementor-widget elementor-widget-text-editor\" data-id=\"22acb4b\" data-element_type=\"widget\" data-widget_type=\"text-editor.default\">\n\t\t\t\t<div class=\"elementor-widget-container\">\n\t\t\t\t\t\t\t\t\t<h1>KATALOG<\/h1><p>Hier findet ihr alle Alben, die wir seit 2004 ver\u00f6ffentlicht haben. Der Katalog startet mit dem aktuellsten Album und geht runter bis zur Katalognummer ff 0001. Ihr k\u00f6nnt den Katalog aber auch nach Titel oder K\u00fcnstler sortieren, oder einfach im Suchfeld suchen, was ihr sucht. Die fehlenden Nummern sind Singles, Special Editions etc.. Falls ihr irgendetwas nicht findet oder mehr Infos zu einem Album oder K\u00fcnstler braucht, meldet euch einfach gerne bei uns!<\/p>\t\t\t\t\t\t\t\t<\/div>\n\t\t\t\t<\/div>\n\t\t\t\t<div class=\"elementor-element elementor-element-9280b5d elementor-widget elementor-widget-eael-advanced-data-table\" data-id=\"9280b5d\" data-element_type=\"widget\" data-widget_type=\"eael-advanced-data-table.default\">\n\t\t\t\t<div class=\"elementor-widget-container\">\n\t\t\t\t\t<div class=\"ea-advanced-data-table-wrap\" data-id=\"9280b5d\"><div class=\"ea-advanced-data-table-search-wrap ea-advanced-data-table-search-right\"><input type=\"search\" placeholder=\"Search\" class=\"ea-advanced-data-table-search\"><\/div><div class=\"ea-advanced-data-table-wrap-inner\">\n                <table class=\"ea-advanced-data-table ea-advanced-data-table-ninja ea-advanced-data-table-9280b5d ea-advanced-data-table-sortable ea-advanced-data-table-paginated ea-advanced-data-table-searchable\" data-id=\"9280b5d\" data-items-per-page=\"500\"><thead><tr><th>Nr<\/th><th>Album Cover<\/th><th>Titel\/Title<\/th><th>Artist<\/th><th>Release<\/th><\/tr><\/thead><tbody><tr><td>128<\/td><td><img decoding=\"async\" src=\"http:\/\/www.flowfish.de\/wp-content\/uploads\/2020\/11\/CAPA-Album-AYOM1200.jpg\" \/><\/td><td>AYOM<\/td><td>AYOM<\/td><td>2020<\/td><\/tr><tr><td>127<\/td><td><img decoding=\"async\" src=\"http:\/\/www.flowfish.de\/wp-content\/uploads\/2020\/10\/1200x1200_FINALE_WEB_The-Hadle-Zone_-Album-Art-Recovered-1.jpeg\" \/><\/td><td>The Hadal Zone<\/td><td>Opal Ocean<\/td><td>2020<\/td><\/tr><tr><td>124<\/td><td><img decoding=\"async\" src=\"http:\/\/www.flowfish.de\/wp-content\/uploads\/2020\/07\/124-loAzulSobreMi.jpg\" \/><\/td><td>Digital: Lo Azul Zobre Mi<\/td><td>Loli Molina<\/td><td>2020<\/td><\/tr><tr><td>122<\/td><td><img decoding=\"async\" src=\"http:\/\/www.flowfish.de\/wp-content\/uploads\/2020\/07\/122-safeAndSound.jpg\" \/><\/td><td>Album: Safe and Sound<\/td><td>Awa Ly<\/td><td>2020<\/td><\/tr><tr><td>118<\/td><td><img decoding=\"async\" src=\"http:\/\/www.flowfish.de\/wp-content\/uploads\/2020\/07\/118-MamboMundial.jpg\" \/><\/td><td>Mambo Mundial<\/td><td>Chico Trujillo<\/td><td>2019<\/td><\/tr><tr><td>117<\/td><td><img decoding=\"async\" src=\"http:\/\/www.flowfish.de\/wp-content\/uploads\/2020\/07\/117-ahewauwen-510x510.jpg\" \/><\/td><td>Ahewauwen<\/td><td>bassa<\/td><td>2018<\/td><\/tr><tr><td>116<\/td><td><img decoding=\"async\" src=\"http:\/\/www.flowfish.de\/wp-content\/uploads\/2020\/07\/116-obsidiana.jpg\" \/><\/td><td>Obsidiana<\/td><td>Rebeca Lane<\/td><td>2018<\/td><\/tr><tr><td>115<\/td><td><img decoding=\"async\" src=\"http:\/\/www.flowfish.de\/wp-content\/uploads\/2020\/07\/115-lostFables.jpg\" \/><\/td><td>Lost Fables<\/td><td>OPAL OCEAN<\/td><td>2018<\/td><\/tr><tr><td>114<\/td><td><\/td><td>Jazz-Projekt<\/td><td>Joachim Stein<\/td><td>2017<\/td><\/tr><tr><td>111<\/td><td><img decoding=\"async\" src=\"http:\/\/www.flowfish.de\/wp-content\/uploads\/2020\/07\/111-almaMestiza.jpg\" \/><\/td><td>Alma Mestiza<\/td><td>Rebeca Lane<\/td><td>2017<\/td><\/tr><tr><td>110<\/td><td><img decoding=\"async\" src=\"http:\/\/www.flowfish.de\/wp-content\/uploads\/2020\/07\/110-despegue.jpg\" \/><\/td><td>Despegue<\/td><td>La Chiva Gantiva<\/td><td>2017<\/td><\/tr><tr><td>109<\/td><td><img decoding=\"async\" src=\"http:\/\/www.flowfish.de\/wp-content\/uploads\/2020\/07\/109-oneShot.jpg\" \/><\/td><td>One Shot<\/td><td>La Cafetera Roja<\/td><td>2017<\/td><\/tr><tr><td>108<\/td><td><img decoding=\"async\" src=\"http:\/\/www.flowfish.de\/wp-content\/uploads\/2020\/07\/108-nua.jpg\" \/><\/td><td>Nua<\/td><td>Gisela Joao<\/td><td>2017<\/td><\/tr><tr><td>104<\/td><td><img decoding=\"async\" src=\"http:\/\/www.flowfish.de\/wp-content\/uploads\/2020\/07\/104-rumboATierra.jpg\" \/><\/td><td>Rumbo A Tierra<\/td><td>Systema Solar<\/td><td>2016<\/td><\/tr><tr><td>103<\/td><td><img decoding=\"async\" src=\"http:\/\/www.flowfish.de\/wp-content\/uploads\/2020\/07\/103-porElMundo-510x510.jpg\" \/><\/td><td>Por El Mundo<\/td><td>FAELA!<\/td><td>2016<\/td><\/tr><tr><td>102<\/td><td><img decoding=\"async\" src=\"http:\/\/www.flowfish.de\/wp-content\/uploads\/2020\/07\/102-vengo.jpg\" \/><\/td><td>Vengo<\/td><td>Ana Tijoux<\/td><td>2016<\/td><\/tr><tr><td>99<\/td><td><img decoding=\"async\" src=\"http:\/\/www.flowfish.de\/wp-content\/uploads\/2020\/07\/99-PianoDrumsLive.jpg\" \/><\/td><td>Piano Drums Live<\/td><td>Angelo Kelly  <\/td><td>2016<\/td><\/tr><tr><td>98<\/td><td><img decoding=\"async\" src=\"http:\/\/www.flowfish.de\/wp-content\/uploads\/2020\/07\/98-federveys.jpg\" \/><\/td><td>Federveys<\/td><td>A Glezele Vayn<\/td><td>2016<\/td><\/tr><tr><td>80<\/td><td><img decoding=\"async\" src=\"http:\/\/www.flowfish.de\/wp-content\/uploads\/2020\/07\/80-musicaPropria.jpg\" \/><\/td><td>Musica Propria<\/td><td>Emersound<\/td><td>2016<\/td><\/tr><tr><td>79<\/td><td><img decoding=\"async\" src=\"http:\/\/www.flowfish.de\/wp-content\/uploads\/2020\/07\/79-maleducate.jpg\" \/><\/td><td>Maleducate<\/td><td>Vello Publico<\/td><td>2016<\/td><\/tr><tr><td>77<\/td><td><img decoding=\"async\" src=\"http:\/\/www.flowfish.de\/wp-content\/uploads\/2020\/07\/77-tansformation-510x510.jpg\" \/><\/td><td>transformation<\/td><td>Mohammad Reza Mortazavi<\/td><td>2016<\/td><\/tr><tr><td>76<\/td><td><img decoding=\"async\" src=\"http:\/\/www.flowfish.de\/wp-content\/uploads\/2020\/07\/76-elDia.jpg\" \/><\/td><td>El Dia<\/td><td>Mil Santos<\/td><td>2016<\/td><\/tr><tr><td>75<\/td><td><img decoding=\"async\" src=\"http:\/\/www.flowfish.de\/wp-content\/uploads\/2020\/07\/75-liveInSantiago.jpg\" \/><\/td><td>Live in Santiago de Chile<\/td><td>Emersound<\/td><td>2016<\/td><\/tr><tr><td>74<\/td><td><img decoding=\"async\" src=\"http:\/\/www.flowfish.de\/wp-content\/uploads\/2020\/07\/74-miRaza.jpg\" \/><\/td><td>Mi Raza<\/td><td>Emersound<\/td><td>2016<\/td><\/tr><tr><td>73<\/td><td><img decoding=\"async\" src=\"http:\/\/www.flowfish.de\/wp-content\/uploads\/2020\/07\/73-irishChrismas.jpg\" \/><\/td><td>Irish Christmas<\/td><td>Angelo Kelly &amp; Family<\/td><td>2015<\/td><\/tr><tr><td>71<\/td><td><img decoding=\"async\" src=\"http:\/\/www.flowfish.de\/wp-content\/uploads\/2020\/07\/71-noTePrometoNada-300x300.jpg\" \/><\/td><td>No Te Prometo Nada<\/td><td>Rosario Smowing<\/td><td>2015<\/td><\/tr><tr><td>70<\/td><td><img decoding=\"async\" src=\"http:\/\/www.flowfish.de\/wp-content\/uploads\/2020\/09\/70-masala-20.jpg\" \/><\/td><td>Compilation<\/td><td>MASALA  Weltbeat 20 Jahre<\/td><td>2015<\/td><\/tr><tr><td>69<\/td><td><img decoding=\"async\" src=\"http:\/\/www.flowfish.de\/wp-content\/uploads\/2020\/07\/69-caja-de-musica-510x510.jpg\" \/><\/td><td>Caja de Musica<\/td><td>Monsieur Perin\u00c3\u00a9<\/td><td>2015<\/td><\/tr><tr><td>68<\/td><td><img decoding=\"async\" src=\"http:\/\/www.flowfish.de\/wp-content\/uploads\/2020\/07\/68-vesna.jpg\" \/><\/td><td>Vesna<\/td><td>Mariana Sadowska<\/td><td>2015<\/td><\/tr><tr><td>67<\/td><td><img decoding=\"async\" src=\"http:\/\/www.flowfish.de\/wp-content\/uploads\/2020\/07\/67-fireSweetAndPastis.jpg\" \/><\/td><td>Fire Sweat &amp; Pastis<\/td><td>Helsinki Cotonou<\/td><td>2015<\/td><\/tr><tr><td>66<\/td><td><img decoding=\"async\" src=\"http:\/\/www.flowfish.de\/wp-content\/uploads\/2020\/07\/66-tangoAzul.jpg\" \/><\/td><td>Tango azul<\/td><td>bassa<\/td><td>2015<\/td><\/tr><tr><td>65<\/td><td><img decoding=\"async\" src=\"http:\/\/www.flowfish.de\/wp-content\/uploads\/2020\/07\/65-landford.jpg\" \/><\/td><td>K\u00c3\u00bcnstler<\/td><td>Landford<\/td><td>2015<\/td><\/tr><tr><td>64<\/td><td><img decoding=\"async\" src=\"http:\/\/www.flowfish.de\/wp-content\/uploads\/2020\/07\/64-hoy.jpg\" \/><\/td><td>Hoy<\/td><td>Che Sudaka<\/td><td>2015<\/td><\/tr><tr><td>61<\/td><td><img decoding=\"async\" src=\"http:\/\/www.flowfish.de\/wp-content\/uploads\/2020\/07\/61-mundoMeu.jpg\" \/><\/td><td>Mundo Meu<\/td><td>Flavia Coelho<\/td><td>2015<\/td><\/tr><tr><td>60<\/td><td><img decoding=\"async\" src=\"http:\/\/www.flowfish.de\/wp-content\/uploads\/2020\/07\/60-have.jpg\" \/><\/td><td>Haven<\/td><td>Ravi Srinivasan<\/td><td>2015<\/td><\/tr><tr><td>59<\/td><td><img decoding=\"async\" src=\"http:\/\/www.flowfish.de\/wp-content\/uploads\/2020\/07\/59-Live-in-Concert-510x510.jpg\" \/><\/td><td>Live in Concert CD<\/td><td>Jimmy Kelly &amp; the Street Orchestra<\/td><td>2014<\/td><\/tr><tr><td>58<\/td><td><img decoding=\"async\" src=\"http:\/\/www.flowfish.de\/wp-content\/uploads\/2020\/07\/58-live-in-concertDVD-510x510.png\" \/><\/td><td>Live in Concert DVD<\/td><td>Jimmy Kelly &amp; the Street Orchestra<\/td><td>2014<\/td><\/tr><tr><td>57<\/td><td><img decoding=\"async\" src=\"http:\/\/www.flowfish.de\/wp-content\/uploads\/2020\/07\/57-Mariachibeat.jpg\" \/><\/td><td>Mariachi Beat<\/td><td>Los de Abajo<\/td><td>2014<\/td><\/tr><tr><td>56<\/td><td><img decoding=\"async\" src=\"http:\/\/www.flowfish.de\/wp-content\/uploads\/2020\/07\/56-souvenance.jpg\" \/><\/td><td>Souvenance<\/td><td>Kali Mutsa<\/td><td>2014<\/td><\/tr><tr><td>54<\/td><td><img decoding=\"async\" src=\"http:\/\/www.flowfish.de\/wp-content\/uploads\/2020\/07\/54-PalkoMuski.jpg\" \/><\/td><td>Street Desire<\/td><td>Palko!Muski<\/td><td>2013<\/td><\/tr><tr><td>51<\/td><td><img decoding=\"async\" src=\"http:\/\/www.flowfish.de\/wp-content\/uploads\/2020\/07\/51-VivaLaStreet-510x510.jpg\" \/><\/td><td>Viva La Street <\/td><td>Jimmy Kelly &amp; the Street Orchestra<\/td><td>2013<\/td><\/tr><tr><td>50<\/td><td><img decoding=\"async\" src=\"http:\/\/www.flowfish.de\/wp-content\/uploads\/2020\/07\/50-twenty-510x510.jpg\" \/><\/td><td>20<\/td><td>Mohammad Reza Mortazavi<\/td><td>2013<\/td><\/tr><tr><td>49<\/td><td><img decoding=\"async\" src=\"http:\/\/www.flowfish.de\/wp-content\/uploads\/2020\/07\/49-Pitambara.jpg\" \/><\/td><td>Murali<\/td><td>Pitambara feat. Jo Stein<\/td><td>2013<\/td><\/tr><tr><td>47<\/td><td><img decoding=\"async\" src=\"http:\/\/www.flowfish.de\/wp-content\/uploads\/2020\/07\/47-yzaYa-510x510.jpg\" \/><\/td><td>YZA YA<\/td><td>YZA YA<\/td><td>2013<\/td><\/tr><tr><td>46<\/td><td><img decoding=\"async\" src=\"http:\/\/www.flowfish.de\/wp-content\/uploads\/2020\/07\/46-Codex-510x510.jpg\" \/><\/td><td>CODEX<\/td><td>Mohammad Reza Mortazavi<\/td><td>2013<\/td><\/tr><tr><td>45<\/td><td><img decoding=\"async\" src=\"http:\/\/www.flowfish.de\/wp-content\/uploads\/2020\/07\/45-conmigo-510x510.jpg\" \/><\/td><td>Conmigo<\/td><td>FAELA!<\/td><td>2013<\/td><\/tr><tr><td>44<\/td><td><img decoding=\"async\" src=\"http:\/\/www.flowfish.de\/wp-content\/uploads\/2020\/07\/44-faya.jpg\" \/><\/td><td>Faya<\/td><td>Joe &amp; Sekou<\/td><td>2013<\/td><\/tr><tr><td>43<\/td><td><img decoding=\"async\" src=\"http:\/\/www.flowfish.de\/wp-content\/uploads\/2020\/09\/43-baechele.jpg\" \/><\/td><td>B\u00c3\u00a4chleLied<\/td><td>Tilman Finkh<\/td><td>2013<\/td><\/tr><tr><td>42<\/td><td><img decoding=\"async\" src=\"http:\/\/www.flowfish.de\/wp-content\/uploads\/2020\/07\/42-hechoAMano-300x300.jpg\" \/><\/td><td>Hecho a Mano<\/td><td>Monsieur Perin\u00c3\u00a9<\/td><td>2013<\/td><\/tr><tr><td>40<\/td><td><img decoding=\"async\" src=\"http:\/\/www.flowfish.de\/wp-content\/uploads\/2020\/07\/40-badiAssad-510x510.jpg\" \/><\/td><td>Badi Assad DVD<\/td><td>Badi Assad<\/td><td>2012<\/td><\/tr><tr><td>39<\/td><td><img decoding=\"async\" src=\"http:\/\/www.flowfish.de\/wp-content\/uploads\/2020\/07\/39-elitro-300x300.jpg\" \/><\/td><td>\u00c3\u0089litro<\/td><td>Rodrigo Santa Maria Y Paquete Chileno<\/td><td>2012<\/td><\/tr><tr><td>38<\/td><td><img decoding=\"async\" src=\"http:\/\/www.flowfish.de\/wp-content\/uploads\/2020\/07\/38-seMueve-300x270.jpg\" \/><\/td><td>Se Mueve<\/td><td>Rosario Smowing<\/td><td>2012<\/td><\/tr><tr><td>37<\/td><td><img decoding=\"async\" src=\"http:\/\/www.flowfish.de\/wp-content\/uploads\/2020\/07\/37-liveZuBegreifen.jpg\" \/><\/td><td>Live zu begreifen<\/td><td>Phrasenm\u00c3\u00a4her<\/td><td>2012<\/td><\/tr><tr><td>35<\/td><td><img decoding=\"async\" src=\"http:\/\/www.flowfish.de\/wp-content\/uploads\/2020\/07\/35-newWays-510x510.jpg\" \/><\/td><td>New Ways<\/td><td>Sedaa<\/td><td>2012<\/td><\/tr><tr><td>34<\/td><td><img decoding=\"async\" src=\"http:\/\/www.flowfish.de\/wp-content\/uploads\/2020\/07\/34-melody-of-love.jpg\" \/><\/td><td>Melody of Love<\/td><td>Beatrix Becker<\/td><td>2012<\/td><\/tr><tr><td>33<\/td><td><img decoding=\"async\" src=\"http:\/\/www.flowfish.de\/wp-content\/uploads\/2020\/07\/33-Heimathiebe.jpg\" \/><\/td><td>Heimathiebe Vol.1<\/td><td>Phrasenm\u00c3\u00a4her<\/td><td>2012<\/td><\/tr><tr><td>32<\/td><td><img decoding=\"async\" src=\"http:\/\/www.flowfish.de\/wp-content\/uploads\/2020\/07\/32-tempoPassion.jpg\" \/><\/td><td>Tempo: Pasi\u00c3\u00b3n<\/td><td>Bassa<\/td><td>2012<\/td><\/tr><tr><td>31<\/td><td><img decoding=\"async\" src=\"http:\/\/www.flowfish.de\/wp-content\/uploads\/2020\/07\/31-geradeaus-510x510.jpg\" \/><\/td><td>Geradeaus<\/td><td>Mohammad Reza Mortazavi<\/td><td>2011<\/td><\/tr><tr><td>30<\/td><td><img decoding=\"async\" src=\"http:\/\/www.flowfish.de\/wp-content\/uploads\/2020\/07\/30-camina-300x268.jpg\" \/><\/td><td>Camina<\/td><td>FAELA!<\/td><td>2011<\/td><\/tr><tr><td>28<\/td><td><img decoding=\"async\" src=\"http:\/\/www.flowfish.de\/wp-content\/uploads\/2020\/07\/28-rotznsharf-300x300.jpg\" \/><\/td><td>Roznsharf<\/td><td>A Glezele Vayn<\/td><td>2012<\/td><\/tr><tr><td>27<\/td><td><img decoding=\"async\" src=\"http:\/\/www.flowfish.de\/wp-content\/uploads\/2020\/07\/27-FAELA-510x510.jpg\" \/><\/td><td>FAELA!<\/td><td>FAELA!<\/td><td>2011<\/td><\/tr><tr><td>26<\/td><td><img decoding=\"async\" src=\"http:\/\/www.flowfish.de\/wp-content\/uploads\/2020\/07\/26-sehrVerstoehrteDamenundHerren.jpg\" \/><\/td><td>Sehr verst\u00c3\u00b6rte Damen und Herren<\/td><td>Phrasenm\u00c3\u00a4her<\/td><td>2011<\/td><\/tr><tr><td>25<\/td><td><img decoding=\"async\" src=\"http:\/\/www.flowfish.de\/wp-content\/uploads\/2020\/07\/25-son_kapital.jpg\" \/><\/td><td>Son Kapital<\/td><td>Son Kapital<\/td><td>2011<\/td><\/tr><tr><td>24<\/td><td><img decoding=\"async\" src=\"http:\/\/www.flowfish.de\/wp-content\/uploads\/2020\/07\/24-liveAtBerlin-350x350.jpg\" \/><\/td><td>Live at the Berlin Philharmonie \u00e2\u0080\u0093 DVD<\/td><td>Mohammad Reza Mortazavi<\/td><td>2010<\/td><\/tr><tr><td>23<\/td><td><img decoding=\"async\" src=\"http:\/\/www.flowfish.de\/wp-content\/uploads\/2020\/07\/23-everybodysChild-510x510.jpg\" \/><\/td><td>Everybody's Child<\/td><td>Di Grine Kuzine<\/td><td>2010<\/td><\/tr><tr><td>22<\/td><td><img decoding=\"async\" src=\"http:\/\/www.flowfish.de\/wp-content\/uploads\/2020\/07\/22-medialuna-510x510.jpg\" \/><\/td><td>Media Luna<\/td><td>bassa<\/td><td>2010<\/td><\/tr><tr><td>21<\/td><td><img decoding=\"async\" src=\"http:\/\/www.flowfish.de\/wp-content\/uploads\/2020\/07\/21-fruehstuecke-510x510.jpg\" \/><\/td><td>Fr\u00c3\u00bchst\u00c3\u00bccke<\/td><td>Siggi Stern<\/td><td>2010<\/td><\/tr><tr><td>20<\/td><td><img decoding=\"async\" src=\"http:\/\/www.flowfish.de\/wp-content\/uploads\/2020\/07\/20-hometownSessions-300x300.jpg\" \/><\/td><td>The Hometown Session<\/td><td>Jimmy Kelly<\/td><td>2010<\/td><\/tr><tr><td>19<\/td><td><img decoding=\"async\" src=\"http:\/\/www.flowfish.de\/wp-content\/uploads\/2020\/07\/19-greenHands-510x510.jpg\" \/><\/td><td>Green Hands<\/td><td>Mohammad Reza Mortazavi<\/td><td>2010<\/td><\/tr><tr><td>18<\/td><td><img decoding=\"async\" src=\"http:\/\/www.flowfish.de\/wp-content\/uploads\/2020\/07\/18-silkRoadBlues.jpg\" \/><\/td><td>Silk Road Blues<\/td><td>Larry Porter<\/td><td>2010<\/td><\/tr><tr><td>17<\/td><td><img decoding=\"async\" src=\"http:\/\/www.flowfish.de\/wp-content\/uploads\/2020\/07\/17-folkNFusion-510x510.jpg\" \/><\/td><td>5 Jahre Folk 'n' Fusion<\/td><td>Various<\/td><td>2009<\/td><\/tr><tr><td>16<\/td><td><img decoding=\"async\" src=\"http:\/\/www.flowfish.de\/wp-content\/uploads\/2020\/07\/16-downthisRoad.jpg\" \/><\/td><td>Down This Road<\/td><td>Pistol Pete's Dionsaur Truckers<\/td><td>2009<\/td><\/tr><tr><td>15<\/td><td><img decoding=\"async\" src=\"http:\/\/www.flowfish.de\/wp-content\/uploads\/2020\/07\/15-berlinTango-300x278.jpg\" \/><\/td><td>Berlin Tango<\/td><td>bassa<\/td><td>2009<\/td><\/tr><tr><td>14<\/td><td><img decoding=\"async\" src=\"http:\/\/www.flowfish.de\/wp-content\/uploads\/2020\/07\/14-knoten-im-kopf-300x300.jpg\" \/><\/td><td>Knoten im Kopf<\/td><td>Frieda &amp; Matti<\/td><td>2009<\/td><\/tr><tr><td>13<\/td><td><img decoding=\"async\" src=\"http:\/\/www.flowfish.de\/wp-content\/uploads\/2020\/07\/13-PiPaPo-300x300.jpg\" \/><\/td><td>Pi Pa Po<\/td><td>Budnik<\/td><td>2008<\/td><\/tr><tr><td>12<\/td><td><img decoding=\"async\" src=\"http:\/\/www.flowfish.de\/wp-content\/uploads\/2020\/07\/12-yallaYallaZootones-510x510.jpg\" \/><\/td><td>Yala Yala Zootones<\/td><td>Yala Yala Zootones<\/td><td>2008<\/td><\/tr><tr><td>11<\/td><td><img decoding=\"async\" src=\"http:\/\/www.flowfish.de\/wp-content\/uploads\/2020\/07\/11-OdeanDieLeute-300x300.jpg\" \/><\/td><td>Ode an die Leude<\/td><td>Phrasenm\u00c3\u00a4her<\/td><td>2008<\/td><\/tr><tr><td>10<\/td><td><img decoding=\"async\" src=\"http:\/\/www.flowfish.de\/wp-content\/uploads\/2020\/07\/10-songsforHomefolks.jpg\" \/><\/td><td>Songs for Homefolks<\/td><td>Pistol Pete and the Dixieland Highgrass Band<\/td><td>2008<\/td><\/tr><tr><td>9<\/td><td><img decoding=\"async\" src=\"http:\/\/www.flowfish.de\/wp-content\/uploads\/2020\/07\/9-feynherb.jpg\" \/><\/td><td>Feynherb<\/td><td>A Glezele Vayn<\/td><td>2007<\/td><\/tr><tr><td>8<\/td><td><img decoding=\"async\" src=\"http:\/\/www.flowfish.de\/wp-content\/uploads\/2020\/07\/8-25years-300x300.jpg\" \/><\/td><td>25 Years A-Live<\/td><td>Vitamin X<\/td><td>2007<\/td><\/tr><tr><td>7<\/td><td><img decoding=\"async\" src=\"http:\/\/www.flowfish.de\/wp-content\/uploads\/2020\/07\/7-abfahrt.jpg\" \/><\/td><td>Abfahrt<\/td><td>Trillke Trio<\/td><td>2007<\/td><\/tr><tr><td>6<\/td><td><\/td><td>Global Village<\/td><td>Various<\/td><td>2006<\/td><\/tr><tr><td>5<\/td><td><img decoding=\"async\" src=\"http:\/\/www.flowfish.de\/wp-content\/uploads\/2020\/07\/5-siamBruder-300x297.jpg\" \/><\/td><td>Siam, Bruder<\/td><td>Siggi Stern<\/td><td>2006<\/td><\/tr><tr><td>4<\/td><td><img decoding=\"async\" src=\"http:\/\/www.flowfish.de\/wp-content\/uploads\/2020\/07\/4-masala3-300x295.jpg\" \/><\/td><td>Masala Weltbeat No.3<\/td><td>Various<\/td><td>2006<\/td><\/tr><tr><td>3<\/td><td><img decoding=\"async\" src=\"http:\/\/www.flowfish.de\/wp-content\/uploads\/2020\/07\/3-hildesheimrockt-300x293.jpg\" \/><\/td><td>Hildesheim rockt<\/td><td>Siggi Stern &amp; die Nachbarschaftshilfe<\/td><td>2005<\/td><\/tr><tr><td>2<\/td><td><img decoding=\"async\" src=\"http:\/\/www.flowfish.de\/wp-content\/uploads\/2020\/07\/2-masala2.jpg\" \/><\/td><td>Masala Weltbeat No. 2<\/td><td>Various<\/td><td>2005<\/td><\/tr><tr><td>1<\/td><td><img decoding=\"async\" src=\"http:\/\/www.flowfish.de\/wp-content\/uploads\/2020\/07\/1-masala1.jpg\" \/><\/td><td>Masala Weltbeat No.1<\/td><td>Various<\/td><td>2004<\/td><\/tr><\/tbody><\/table>\n            <\/div><div class=\"ea-advanced-data-table-pagination ea-advanced-data-table-pagination-button clearfix\"><\/div><\/div>\t\t\t\t<\/div>\n\t\t\t\t<\/div>\n\t\t\t\t\t<\/div>\n\t\t<\/div>\n\t\t\t\t\t<\/div>\n\t\t<\/section>\n\t\t\t\t<\/div>\n\t\t","protected":false},"excerpt":{"rendered":"<p>KATALOG Hier findet ihr alle Alben, die wir seit 2004 ver\u00f6ffentlicht haben. Der Katalog startet mit dem aktuellsten Album und geht runter bis zur Katalognummer ff 0001. Ihr k\u00f6nnt den Katalog aber auch nach Titel oder K\u00fcnstler sortieren, oder einfach im Suchfeld suchen, was ihr sucht. Die fehlenden Nummern sind Singles, Special Editions etc.. Falls [&hellip;]<\/p>\n","protected":false},"author":1,"featured_media":0,"parent":0,"menu_order":0,"comment_status":"closed","ping_status":"closed","template":"elementor_header_footer","meta":{"footnotes":""},"class_list":["post-399","page","type-page","status-publish","czr-hentry"],"_links":{"self":[{"href":"http:\/\/www.flowfish.de\/index.php?rest_route=\/wp\/v2\/pages\/399","targetHints":{"allow":["GET"]}}],"collection":[{"href":"http:\/\/www.flowfish.de\/index.php?rest_route=\/wp\/v2\/pages"}],"about":[{"href":"http:\/\/www.flowfish.de\/index.php?rest_route=\/wp\/v2\/types\/page"}],"author":[{"embeddable":true,"href":"http:\/\/www.flowfish.de\/index.php?rest_route=\/wp\/v2\/users\/1"}],"replies":[{"embeddable":true,"href":"http:\/\/www.flowfish.de\/index.php?rest_route=%2Fwp%2Fv2%2Fcomments&post=399"}],"version-history":[{"count":5,"href":"http:\/\/www.flowfish.de\/index.php?rest_route=\/wp\/v2\/pages\/399\/revisions"}],"predecessor-version":[{"id":470,"href":"http:\/\/www.flowfish.de\/index.php?rest_route=\/wp\/v2\/pages\/399\/revisions\/470"}],"wp:attachment":[{"href":"http:\/\/www.flowfish.de\/index.php?rest_route=%2Fwp%2Fv2%2Fmedia&parent=399"}],"curies":[{"name":"wp","href":"https:\/\/api.w.org\/{rel}","templated":true}]}}