{"id":110,"date":"2020-07-21T07:06:22","date_gmt":"2020-07-21T07:06:22","guid":{"rendered":"http:\/\/localhost:8088\/flowfish\/?page_id=110"},"modified":"2020-08-07T06:14:55","modified_gmt":"2020-08-07T06:14:55","slug":"imprint","status":"publish","type":"page","link":"http:\/\/www.flowfish.de\/?page_id=110","title":{"rendered":"Imprint"},"content":{"rendered":"\t\t<div data-elementor-type=\"wp-page\" data-elementor-id=\"110\" class=\"elementor elementor-110\">\n\t\t\t\t\t\t<section class=\"elementor-section elementor-top-section elementor-element elementor-element-375ae88 elementor-section-stretched elementor-section-boxed elementor-section-height-default elementor-section-height-default\" data-id=\"375ae88\" data-element_type=\"section\" data-settings=\"{&quot;stretch_section&quot;:&quot;section-stretched&quot;}\">\n\t\t\t\t\t\t<div class=\"elementor-container elementor-column-gap-default\">\n\t\t\t\t\t<div class=\"elementor-column elementor-col-100 elementor-top-column elementor-element elementor-element-48f4140\" data-id=\"48f4140\" data-element_type=\"column\">\n\t\t\t<div class=\"elementor-widget-wrap elementor-element-populated\">\n\t\t\t\t\t\t<div class=\"elementor-element elementor-element-ebf83b2 elementor-widget elementor-widget-heading\" data-id=\"ebf83b2\" data-element_type=\"widget\" data-widget_type=\"heading.default\">\n\t\t\t\t<div class=\"elementor-widget-container\">\n\t\t\t\t\t<h2 class=\"elementor-heading-title elementor-size-default\">Imprint + Disclaimer<\/h2>\t\t\t\t<\/div>\n\t\t\t\t<\/div>\n\t\t\t\t<div class=\"elementor-element elementor-element-cec3075 elementor-widget elementor-widget-text-editor\" data-id=\"cec3075\" data-element_type=\"widget\" data-widget_type=\"text-editor.default\">\n\t\t\t\t<div class=\"elementor-widget-container\">\n\t\t\t\t\t\t\t\t\t<p>Adress:<\/p><p>flowfish.music<br \/>Hofmann\/Haag GbR<br \/>Langer Garten 23 c<br \/>31137 Hildesheim<br \/>Germany<\/p><p>Vertretungsberechtigte Gesellschafter<br \/>Sebastian Hofmann, S\u00f6ren Haag<\/p><p>Umsatzsteuer-Identifikationsnummer gem\u00e4\u00df \u00a7 27a Umsatzsteuergesetz<br \/>DE272845463<\/p><p>Inhaltlich Verantwortlicher gem\u00e4\u00df \u00a7 10 Absatz 3 MDStV<br \/>Sebastian Hofmann f\u00fcr flowfish.music<\/p><p>Keine Haftung f\u00fcr die Inhalte externer Links. F\u00fcr den Inhalt der verlinkten Seiten sind ausschlie\u00dflich deren Betreiber verantwortlich.<\/p><p>Webdesign <br \/><a href=\"mailto:infowork1008@gmail.com\">HS1996<\/a><\/p><p>R\u00f8tor Font\/Webfont<br \/><a href=\"http:\/\/www.beekhuis.ch\/\">Marc Beekhuis<\/a> \u2014 Thank you!<\/p>\t\t\t\t\t\t\t\t<\/div>\n\t\t\t\t<\/div>\n\t\t\t\t\t<\/div>\n\t\t<\/div>\n\t\t\t\t\t<\/div>\n\t\t<\/section>\n\t\t\t\t<\/div>\n\t\t","protected":false},"excerpt":{"rendered":"<p>Imprint + Disclaimer Adress: flowfish.musicHofmann\/Haag GbRLanger Garten 23 c31137 HildesheimGermany Vertretungsberechtigte GesellschafterSebastian Hofmann, S\u00f6ren Haag Umsatzsteuer-Identifikationsnummer gem\u00e4\u00df \u00a7 27a UmsatzsteuergesetzDE272845463 Inhaltlich Verantwortlicher gem\u00e4\u00df \u00a7 10 Absatz 3 MDStVSebastian Hofmann f\u00fcr flowfish.music Keine Haftung f\u00fcr die Inhalte externer Links. F\u00fcr den Inhalt der verlinkten Seiten sind ausschlie\u00dflich deren Betreiber verantwortlich. Webdesign HS1996 R\u00f8tor Font\/WebfontMarc Beekhuis \u2014 [&hellip;]<\/p>\n","protected":false},"author":1,"featured_media":0,"parent":0,"menu_order":0,"comment_status":"closed","ping_status":"closed","template":"elementor_header_footer","meta":{"footnotes":""},"class_list":["post-110","page","type-page","status-publish","czr-hentry"],"_links":{"self":[{"href":"http:\/\/www.flowfish.de\/index.php?rest_route=\/wp\/v2\/pages\/110","targetHints":{"allow":["GET"]}}],"collection":[{"href":"http:\/\/www.flowfish.de\/index.php?rest_route=\/wp\/v2\/pages"}],"about":[{"href":"http:\/\/www.flowfish.de\/index.php?rest_route=\/wp\/v2\/types\/page"}],"author":[{"embeddable":true,"href":"http:\/\/www.flowfish.de\/index.php?rest_route=\/wp\/v2\/users\/1"}],"replies":[{"embeddable":true,"href":"http:\/\/www.flowfish.de\/index.php?rest_route=%2Fwp%2Fv2%2Fcomments&post=110"}],"version-history":[{"count":4,"href":"http:\/\/www.flowfish.de\/index.php?rest_route=\/wp\/v2\/pages\/110\/revisions"}],"predecessor-version":[{"id":308,"href":"http:\/\/www.flowfish.de\/index.php?rest_route=\/wp\/v2\/pages\/110\/revisions\/308"}],"wp:attachment":[{"href":"http:\/\/www.flowfish.de\/index.php?rest_route=%2Fwp%2Fv2%2Fmedia&parent=110"}],"curies":[{"name":"wp","href":"https:\/\/api.w.org\/{rel}","templated":true}]}}